{"id":4956,"date":"2025-12-27T11:19:45","date_gmt":"2025-12-27T11:19:45","guid":{"rendered":"https:\/\/progolfconsulting.com\/?page_id=4956"},"modified":"2025-12-27T11:19:45","modified_gmt":"2025-12-27T11:19:45","slug":"pocetna-2","status":"publish","type":"page","link":"https:\/\/progolfconsulting.com\/en\/","title":{"rendered":"Po\u010detna"},"content":{"rendered":"<p>[et_pb_section fb_built=&#8220;1&#8243; admin_label=&#8220;Hero&#8220; _builder_version=&#8220;4.24.3&#8243; _module_preset=&#8220;_module_preset=&#8220; background_image=&#8220;https:\/\/images.unsplash.com\/photo-1578142880150-c4df65644560?ixid=M3w1ODkyNzF8MHwxfHNlYXJjaHwzfHxnb2xmJTIwZXF1aXBtZW50JTIwb24lMjB0YWJsZXxlbnwwfDB8fHwxNzY2ODM0MTgxfDA&#038;ixlib=rb-4.1.0&#038;fm=webp&#038;fit=crop&#038;crop=entropy&#038;w=1920&#038;h=1080&#038;q=20&#038;dpr=2&#8243; custom_padding=&#8220;8vw||8vw||true|false&#8220; hover_enabled=&#8220;0&#8243; locked=&#8220;off&#8220; template_type=&#8220;section&#8220; collapsed=&#8220;on&#8220; global_colors_info=&#8220;{}&#8220;][et_pb_row column_structure=&#8220;2_3,1_3&#8243; _builder_version=&#8220;4.18.0&#8243; _module_preset=&#8220;5138c454-be54-4233-bd3b-f8e6a8747976&#8243; hover_enabled=&#8220;0&#8243; global_colors_info=&#8220;{}&#8220;][et_pb_column type=&#8220;2_3&#8243; _builder_version=&#8220;4.16&#8243; _module_preset=&#8220;73121f80-a3ef-4484-8763-c3f18e3c56d2&#8243; hover_enabled=&#8220;0&#8243; global_colors_info=&#8220;{}&#8220;][et_pb_heading title=&#8220;Va\u0161 Prvi Korak Ka Golf Uspehu&#8220; _builder_version=&#8220;4.24.3&#8243; _module_preset=&#8220;f0c675ea-2574-4d0e-b725-30f8550a8550&#8243; title_text_color=&#8220;#FFFFFF&#8220; hover_enabled=&#8220;0&#8243; locked=&#8220;off&#8220; global_colors_info=&#8220;{}&#8220;][\/et_pb_heading][et_pb_heading title=&#8220;Dobrodo\u0161li u Svet Golf Konsaltinga&#8220; _builder_version=&#8220;4.24.2&#8243; _module_preset=&#8220;ddeb8c09-9078-4424-bc15-2efb6572e28e&#8220; title_text_color=&#8220;#FFFFFF&#8220; hover_enabled=&#8220;0&#8243; locked=&#8220;off&#8220; global_colors_info=&#8220;{}&#8220;][\/et_pb_heading][et_pb_text _builder_version=&#8220;4.24.2&#8243; _module_preset=&#8220;0504de1e-f5ff-4281-ba60-cbbe4edf98bc&#8220; hover_enabled=&#8220;0&#8243; locked=&#8220;off&#8220; global_colors_info=&#8220;{}&#8220;]<\/p>\n<p>Pridru\u017eite se na\u0161oj akademiji i zapo\u010dnite svoje golf putovanje uz stru\u010dne savete i podr\u0161ku.<\/p>\n<p>[\/et_pb_text][et_pb_button button_text=&#8220;Saznajte Vi\u0161e&#8220; _builder_version=&#8220;4.24.3&#8243; _module_preset=&#8220;ab15fb74-61a3-43aa-96b3-41e09aeef654&#8243; hover_enabled=&#8220;0&#8243; locked=&#8220;off&#8220; global_colors_info=&#8220;{}&#8220;][\/et_pb_button][\/et_pb_column][et_pb_column type=&#8220;1_3&#8243; _builder_version=&#8220;4.16&#8243; _module_preset=&#8220;73121f80-a3ef-4484-8763-c3f18e3c56d2&#8243; hover_enabled=&#8220;0&#8243; global_colors_info=&#8220;{}&#8220;][\/et_pb_column][\/et_pb_row][\/et_pb_section][et_pb_section fb_built=&#8220;1&#8243; admin_label=&#8220;About&#8220; _builder_version=&#8220;4.25.1&#8243; _module_preset=&#8220;default&#8220; hover_enabled=&#8220;0&#8243; template_type=&#8220;section&#8220; collapsed=&#8220;on&#8220; global_colors_info=&#8220;{}&#8220;][et_pb_row column_structure=&#8220;1_2,1_2&#8243; _builder_version=&#8220;4.25.1&#8243; _module_preset=&#8220;default&#8220; hover_enabled=&#8220;0&#8243; global_colors_info=&#8220;{}&#8220;][et_pb_column type=&#8220;1_2&#8243; _builder_version=&#8220;4.25.1&#8243; _module_preset=&#8220;default&#8220; hover_enabled=&#8220;0&#8243; global_colors_info=&#8220;{}&#8220;][et_pb_heading title=&#8220;O Akademiji&#8220; _builder_version=&#8220;4.25.1&#8243; _module_preset=&#8220;c33f07d9-41e0-421a-8799-5799df695cce&#8220; hover_enabled=&#8220;0&#8243; global_colors_info=&#8220;{}&#8220;][\/et_pb_heading][et_pb_text _builder_version=&#8220;4.25.1&#8243; _module_preset=&#8220;2c55a9c4-feed-423b-9edb-ae0b5b365cac&#8220; hover_enabled=&#8220;0&#8243; global_colors_info=&#8220;{}&#8220;]Profesionalna Golf Konsalting Akademija posve\u0107ena je unapre\u0111enju ve\u0161tina svakog golfera, bez obzira na nivo iskustva. Na\u0161a misija je da pru\u017eimo personalizovanu obuku i vrhunske resurse kako bismo osigurali da svaki polaznik ostvari svoj puni potencijal na terenu.[\/et_pb_text][et_pb_button button_text=&#8220;Na\u0161a Pri\u010da&#8220; _builder_version=&#8220;4.25.1&#8243; _module_preset=&#8220;1bffc0fc-42a0-49d1-bd9a-ae3ade2d7206&#8243; hover_enabled=&#8220;0&#8243; global_colors_info=&#8220;{}&#8220;][\/et_pb_button][\/et_pb_column][et_pb_column type=&#8220;1_2&#8243; _builder_version=&#8220;4.25.1&#8243; _module_preset=&#8220;default&#8220; hover_enabled=&#8220;0&#8243; global_colors_info=&#8220;{}&#8220;][et_pb_image src=&#8220;https:\/\/images.unsplash.com\/photo-1678386724669-ff5607d9a16c?ixid=M3w1ODkyNzF8MHwxfHNlYXJjaHw0fHxnb2xmZXJzJTIwcHJhY3RpY2luZyUyMHN3aW5nfGVufDB8Mnx8fDE3NjY4MzQxODF8MA&#038;ixlib=rb-4.1.0&#038;fm=webp&#038;fit=crop&#038;crop=entropy&#038;w=800&#038;h=800&#038;q=20&#038;dpr=2&#8243; title_text=&#8220;800&#215;800&#8243; _builder_version=&#8220;4.25.1&#8243; _module_preset=&#8220;default&#8220; hover_enabled=&#8220;0&#8243; global_colors_info=&#8220;{}&#8220;][\/et_pb_image][\/et_pb_column][\/et_pb_row][\/et_pb_section][et_pb_section fb_built=&#8220;1&#8243; admin_label=&#8220;Features&#8220; _builder_version=&#8220;4.23.1&#8243; _module_preset=&#8220;default&#8220; hover_enabled=&#8220;0&#8243; locked=&#8220;off&#8220; template_type=&#8220;section&#8220; collapsed=&#8220;on&#8220; global_colors_info=&#8220;{}&#8220;][et_pb_row column_structure=&#8220;1_2,1_2&#8243; _builder_version=&#8220;4.23.1&#8243; _module_preset=&#8220;5138c454-be54-4233-bd3b-f8e6a8747976&#8243; hover_enabled=&#8220;0&#8243; global_colors_info=&#8220;{}&#8220;][et_pb_column type=&#8220;1_2&#8243; _builder_version=&#8220;4.17.3&#8243; _module_preset=&#8220;73121f80-a3ef-4484-8763-c3f18e3c56d2&#8243; hover_enabled=&#8220;0&#8243; global_colors_info=&#8220;{}&#8220;][et_pb_image src=&#8220;https:\/\/images.unsplash.com\/photo-1736888168135-a526ea696596?ixid=M3w1ODkyNzF8MHwxfHNlYXJjaHw4fHxnb2xmJTIwdHJhaW5pbmclMjBzZXNzaW9ufGVufDB8MXx8fDE3NjY4MzQxODF8MA&#038;ixlib=rb-4.1.0&#038;fm=webp&#038;fit=crop&#038;crop=entropy&#038;w=800&#038;h=1080&#038;q=20&#038;dpr=2&#8243; title_text=&#8220;800&#215;1080&#8243; _builder_version=&#8220;4.24.3&#8243; _module_preset=&#8220;6ed8fd5c-62c5-4100-98c3-7b8b6d2c2ee6&#8243; hover_enabled=&#8220;0&#8243; global_colors_info=&#8220;{}&#8220;][\/et_pb_image][\/et_pb_column][et_pb_column type=&#8220;1_2&#8243; _builder_version=&#8220;4.17.3&#8243; _module_preset=&#8220;73121f80-a3ef-4484-8763-c3f18e3c56d2&#8243; hover_enabled=&#8220;0&#8243; global_colors_info=&#8220;{}&#8220;][et_pb_heading title=&#8220;Na\u0161e Prednosti&#8220; _builder_version=&#8220;4.24.3&#8243; _module_preset=&#8220;c33f07d9-41e0-421a-8799-5799df695cce&#8220; hover_enabled=&#8220;0&#8243; locked=&#8220;off&#8220; global_colors_info=&#8220;{}&#8220;][\/et_pb_heading][et_pb_blurb title=&#8220;Personalizovana Obuka&#8220; use_icon=&#8220;on&#8220; font_icon=&#8220;&#xf509;||fa||900&#8243; _builder_version=&#8220;4.24.3&#8243; _module_preset=&#8220;65059203-12d3-44f6-8371-3f5cf61a0475&#8243; hover_enabled=&#8220;0&#8243; locked=&#8220;off&#8220; global_colors_info=&#8220;{%22gcid-f2943306-fa6c-45f0-b632-5fc00151366a%22:%91%22icon_color%22,%22icon_color%22%93}&#8220;]<\/p>\n<p>Na\u0161i programi su prilago\u0111eni va\u0161im individualnim potrebama, omogu\u0107avaju\u0107i vam da napredujete svojim tempom.<\/p>\n<p>[\/et_pb_blurb][et_pb_blurb title=&#8220;Premium Materijali&#8220; use_icon=&#8220;on&#8220; font_icon=&#8220;&#xf5da;||fa||900&#8243; _builder_version=&#8220;4.24.3&#8243; _module_preset=&#8220;65059203-12d3-44f6-8371-3f5cf61a0475&#8243; hover_enabled=&#8220;0&#8243; locked=&#8220;off&#8220; global_colors_info=&#8220;{%22gcid-f2943306-fa6c-45f0-b632-5fc00151366a%22:%91%22icon_color%22,%22icon_color%22%93}&#8220;]<\/p>\n<p>Koristimo najnovije materijale i tehnologije kako bismo obezbedili najbolje iskustvo u\u010denja.<\/p>\n<p>[\/et_pb_blurb][et_pb_blurb title=&#8220;Elitna Zajednica&#8220; use_icon=&#8220;on&#8220; font_icon=&#8220;&#xf653;||fa||900&#8243; _builder_version=&#8220;4.24.3&#8243; _module_preset=&#8220;65059203-12d3-44f6-8371-3f5cf61a0475&#8243; hover_enabled=&#8220;0&#8243; locked=&#8220;off&#8220; global_colors_info=&#8220;{%22gcid-f2943306-fa6c-45f0-b632-5fc00151366a%22:%91%22icon_color%22,%22icon_color%22%93}&#8220;]<\/p>\n<p>Postanite deo zajednice strastvenih golfera koji dele va\u0161u ljubav prema igri i \u017eelju za napretkom.<\/p>\n<p>[\/et_pb_blurb][\/et_pb_column][\/et_pb_row][\/et_pb_section][et_pb_section fb_built=&#8220;1&#8243; admin_label=&#8220;Testimonials&#8220; _builder_version=&#8220;4.17.6&#8243; _module_preset=&#8220;default&#8220; hover_enabled=&#8220;0&#8243; locked=&#8220;off&#8220; template_type=&#8220;section&#8220; collapsed=&#8220;on&#8220; global_colors_info=&#8220;{}&#8220;][et_pb_row _builder_version=&#8220;4.17.6&#8243; _module_preset=&#8220;5138c454-be54-4233-bd3b-f8e6a8747976&#8243; hover_enabled=&#8220;0&#8243; global_colors_info=&#8220;{}&#8220;][et_pb_column type=&#8220;4_4&#8243; _builder_version=&#8220;4.16&#8243; _module_preset=&#8220;73121f80-a3ef-4484-8763-c3f18e3c56d2&#8243; hover_enabled=&#8220;0&#8243; global_colors_info=&#8220;{}&#8220;][et_pb_heading title=&#8220;\u0160ta Na\u0161i Polaznici Ka\u017eu&#8220; _builder_version=&#8220;4.24.3&#8243; _module_preset=&#8220;c33f07d9-41e0-421a-8799-5799df695cce&#8220; hover_enabled=&#8220;0&#8243; locked=&#8220;off&#8220; global_colors_info=&#8220;{}&#8220;][\/et_pb_heading][\/et_pb_column][\/et_pb_row][et_pb_row column_structure=&#8220;1_2,1_2&#8243; _builder_version=&#8220;4.24.3&#8243; _module_preset=&#8220;5138c454-be54-4233-bd3b-f8e6a8747976&#8243; hover_enabled=&#8220;0&#8243; global_colors_info=&#8220;{}&#8220;][et_pb_column type=&#8220;1_2&#8243; _builder_version=&#8220;4.24.2&#8243; _module_preset=&#8220;73121f80-a3ef-4484-8763-c3f18e3c56d2&#8243; custom_padding=&#8220;|||20px|false|false&#8220; hover_enabled=&#8220;0&#8243; border_color_all=&#8220;gcid-secondary-color&#8220; border_width_left=&#8220;2px&#8220; global_colors_info=&#8220;{%22gcid-secondary-color%22:%91%22border_color_all%22%93}&#8220;][et_pb_icon font_icon=&#8220;&#xf10d;||fa||900&#8243; module_class=&#8220;ai_ignore_font_icon&#8220; _builder_version=&#8220;4.24.3&#8243; _module_preset=&#8220;c2c23269-d09e-4bca-9247-65cd5ecf15a9&#8243; custom_margin=&#8220;||30px||false|false&#8220; hover_enabled=&#8220;0&#8243; global_colors_info=&#8220;{%22gcid-f2943306-fa6c-45f0-b632-5fc00151366a%22:%91%22icon_color%22%93}&#8220;][\/et_pb_icon][et_pb_text _builder_version=&#8220;4.24.3&#8243; _module_preset=&#8220;ca5459fa-2abd-4000-9b59-3cb483bcc17e&#8220; text_font=&#8220;&#8211;et_global_body_font|700|||||||&#8220; hover_enabled=&#8220;0&#8243; locked=&#8220;off&#8220; global_colors_info=&#8220;{%22gcid-primary-color%22:%91%22link_text_color%22,%22link_text_color%22%93,%22gcid-heading-color%22:%91%22header_text_color%22,%22header_4_text_color%22,%22header_3_text_color%22,%22header_2_text_color%22,%22header_5_text_color%22,%22header_6_text_color%22,%22quote_text_color%22%93,%22gcid-secondary-color%22:%91%22quote_border_color%22,%22quote_border_color%22%93}&#8220;]<\/p>\n<p>&#8222;Pridru\u017eivanje Professional Golf Consulting akademiji bilo je najbolje \u0161to sam u\u010dinio za svoju golf karijeru. Njihova personalizovana obuka i podr\u0161ka su neprocenjivi.&#8220;<\/p>\n<p>[\/et_pb_text][et_pb_blurb title=&#8220;Marko Petrovi\u0107&#8220; image=&#8220;https:\/\/premadesections.divi.support\/premade\/wp-content\/uploads\/sites\/4\/2024\/04\/new-portrait-12-800&#215;800-1.jpg&#8220; _builder_version=&#8220;4.24.3&#8243; _module_preset=&#8220;203c76fc-aee0-4484-9be1-f0e2ebd81a8f&#8220; hover_enabled=&#8220;0&#8243; locked=&#8220;off&#8220; global_colors_info=&#8220;{}&#8220;]<\/p>\n<p>Amaterski Golfer<\/p>\n<p>[\/et_pb_blurb][\/et_pb_column][et_pb_column type=&#8220;1_2&#8243; _builder_version=&#8220;4.24.3&#8243; _module_preset=&#8220;73121f80-a3ef-4484-8763-c3f18e3c56d2&#8243; custom_padding=&#8220;|||20px|false|false&#8220; hover_enabled=&#8220;0&#8243; border_color_all=&#8220;gcid-secondary-color&#8220; border_width_left=&#8220;2px&#8220; global_colors_info=&#8220;{%22gcid-secondary-color%22:%91%22border_color_all%22%93}&#8220;][et_pb_icon font_icon=&#8220;&#xf10d;||fa||900&#8243; module_class=&#8220;ai_ignore_font_icon&#8220; _builder_version=&#8220;4.24.3&#8243; _module_preset=&#8220;c2c23269-d09e-4bca-9247-65cd5ecf15a9&#8243; custom_margin=&#8220;||30px||false|false&#8220; hover_enabled=&#8220;0&#8243; locked=&#8220;off&#8220; global_colors_info=&#8220;{%22gcid-f2943306-fa6c-45f0-b632-5fc00151366a%22:%91%22icon_color%22%93}&#8220;][\/et_pb_icon][et_pb_text _builder_version=&#8220;4.24.3&#8243; _module_preset=&#8220;ca5459fa-2abd-4000-9b59-3cb483bcc17e&#8220; text_font=&#8220;&#8211;et_global_body_font|700|||||||&#8220; hover_enabled=&#8220;0&#8243; locked=&#8220;off&#8220; global_colors_info=&#8220;{%22gcid-primary-color%22:%91%22link_text_color%22,%22link_text_color%22%93,%22gcid-heading-color%22:%91%22header_text_color%22,%22header_4_text_color%22,%22header_3_text_color%22,%22header_2_text_color%22,%22header_5_text_color%22,%22header_6_text_color%22,%22quote_text_color%22%93,%22gcid-secondary-color%22:%91%22quote_border_color%22,%22quote_border_color%22%93}&#8220;]<\/p>\n<p>&#8222;Zahvaljuju\u0107i stru\u010dnom timu, moj zamah je postao stabilniji i precizniji. Preporu\u010dujem svakome ko \u017eeli da unapredi svoju igru.&#8220;<\/p>\n<p>[\/et_pb_text][et_pb_blurb title=&#8220;Ana Jovanovi\u0107&#8220; image=&#8220;https:\/\/premadesections.divi.support\/premade\/wp-content\/uploads\/sites\/4\/2024\/04\/new-portrait-9-800&#215;800-1.jpg&#8220; _builder_version=&#8220;4.24.3&#8243; _module_preset=&#8220;203c76fc-aee0-4484-9be1-f0e2ebd81a8f&#8220; hover_enabled=&#8220;0&#8243; locked=&#8220;off&#8220; global_colors_info=&#8220;{}&#8220;]<\/p>\n<p>Entuzijasta Golfa<\/p>\n<p>[\/et_pb_blurb][\/et_pb_column][\/et_pb_row][\/et_pb_section][et_pb_section fb_built=&#8220;1&#8243; admin_label=&#8220;Gallery&#8220; _builder_version=&#8220;4.17.4&#8243; _module_preset=&#8220;default&#8220; hover_enabled=&#8220;0&#8243; locked=&#8220;off&#8220; template_type=&#8220;section&#8220; collapsed=&#8220;on&#8220; global_colors_info=&#8220;{}&#8220;][et_pb_row _builder_version=&#8220;4.17.6&#8243; _module_preset=&#8220;5138c454-be54-4233-bd3b-f8e6a8747976&#8243; hover_enabled=&#8220;0&#8243; locked=&#8220;off&#8220; global_colors_info=&#8220;{}&#8220;][et_pb_column type=&#8220;4_4&#8243; _builder_version=&#8220;4.17.4&#8243; _module_preset=&#8220;73121f80-a3ef-4484-8763-c3f18e3c56d2&#8243; hover_enabled=&#8220;0&#8243; global_colors_info=&#8220;{}&#8220;][et_pb_heading title=&#8220;Pogledajte Na\u0161e Prostore&#8220; _builder_version=&#8220;4.24.2&#8243; _module_preset=&#8220;f0c675ea-2574-4d0e-b725-30f8550a8550&#8243; title_text_align=&#8220;center&#8220; title_text_color=&#8220;gcid-primary-color&#8220; hover_enabled=&#8220;0&#8243; global_colors_info=&#8220;{%22gcid-primary-color%22:%91%22title_text_color%22%93}&#8220;][\/et_pb_heading][et_pb_heading title=&#8220;Galerija Slika&#8220; _builder_version=&#8220;4.24.2&#8243; _module_preset=&#8220;c33f07d9-41e0-421a-8799-5799df695cce&#8220; title_text_align=&#8220;center&#8220; hover_enabled=&#8220;0&#8243; global_colors_info=&#8220;{}&#8220;][\/et_pb_heading][\/et_pb_column][\/et_pb_row][et_pb_row _builder_version=&#8220;4.23.1&#8243; _module_preset=&#8220;5138c454-be54-4233-bd3b-f8e6a8747976&#8243; hover_enabled=&#8220;0&#8243; global_colors_info=&#8220;{}&#8220;][et_pb_column type=&#8220;4_4&#8243; _builder_version=&#8220;4.17.4&#8243; _module_preset=&#8220;73121f80-a3ef-4484-8763-c3f18e3c56d2&#8243; hover_enabled=&#8220;0&#8243; global_colors_info=&#8220;{}&#8220;][et_pb_image src=&#8220;https:\/\/images.unsplash.com\/photo-1763887487206-e23c8c450dcf?ixid=M3w1ODkyNzF8MHwxfHNlYXJjaHw4fHxnb2xmJTIwY29uc3VsdGF0aW9uJTIwbWVldGluZ3xlbnwwfDB8fHwxNzY2ODM0MTgxfDA&#038;ixlib=rb-4.1.0&#038;fm=webp&#038;fit=crop&#038;crop=entropy&#038;w=1080&#038;h=600&#038;q=20&#038;dpr=2&#8243; title_text=&#8220;1080&#215;600&#8243; show_in_lightbox=&#8220;on&#8220; use_overlay=&#8220;on&#8220; overlay_icon_color=&#8220;gcid-secondary-color&#8220; _builder_version=&#8220;4.24.3&#8243; _module_preset=&#8220;6ed8fd5c-62c5-4100-98c3-7b8b6d2c2ee6&#8243; hover_enabled=&#8220;0&#8243; locked=&#8220;off&#8220; global_colors_info=&#8220;{%22gcid-secondary-color%22:%91%22overlay_icon_color%22%93}&#8220;][\/et_pb_image][\/et_pb_column][\/et_pb_row][\/et_pb_section][et_pb_section fb_built=&#8220;1&#8243; admin_label=&#8220;Blog&#8220; _builder_version=&#8220;4.24.2&#8243; _module_preset=&#8220;default&#8220; custom_padding=&#8220;0px||0px||true|false&#8220; hover_enabled=&#8220;0&#8243; locked=&#8220;off&#8220; template_type=&#8220;section&#8220; collapsed=&#8220;on&#8220; global_colors_info=&#8220;{%22gcid-36fd78a7-34bc-404d-873c-dafa34efaae5%22:%91%22colorStart%22%93}&#8220;][et_pb_row column_structure=&#8220;3_5,2_5&#8243; _builder_version=&#8220;4.24.2&#8243; _module_preset=&#8220;5138c454-be54-4233-bd3b-f8e6a8747976&#8243; custom_padding=&#8220;0px||0px||true|false&#8220; hover_enabled=&#8220;0&#8243; box_shadow_style=&#8220;preset4&#8243; box_shadow_horizontal=&#8220;-30vw&#8220; box_shadow_vertical=&#8220;0px&#8220; box_shadow_color=&#8220;gcid-primary-color&#8220; global_colors_info=&#8220;{%22gcid-primary-color%22:%91%22box_shadow_color%22%93}&#8220;][et_pb_column type=&#8220;3_5&#8243; _builder_version=&#8220;4.24.2&#8243; _module_preset=&#8220;73121f80-a3ef-4484-8763-c3f18e3c56d2&#8243; background_color=&#8220;gcid-primary-color&#8220; custom_padding=&#8220;60px|60px|60px||true|false&#8220; custom_padding_tablet=&#8220;30px|30px|30px||true|false&#8220; custom_padding_phone=&#8220;20px|20px|20px||true|false&#8220; custom_padding_last_edited=&#8220;on|tablet&#8220; hover_enabled=&#8220;0&#8243; global_colors_info=&#8220;{%22gcid-primary-color%22:%91%22background_color%22%93}&#8220;][et_pb_heading title=&#8220;Najnoviji Blog Postovi&#8220; _builder_version=&#8220;4.24.2&#8243; _module_preset=&#8220;c33f07d9-41e0-421a-8799-5799df695cce&#8220; title_text_color=&#8220;#FFFFFF&#8220; hover_enabled=&#8220;0&#8243; locked=&#8220;off&#8220; global_colors_info=&#8220;{}&#8220;][\/et_pb_heading][et_pb_blog posts_number=&#8220;3&#8243; show_thumbnail=&#8220;off&#8220; show_date=&#8220;off&#8220; show_categories=&#8220;off&#8220; show_pagination=&#8220;off&#8220; offset_number=&#8220;0&#8243; _builder_version=&#8220;4.23.1&#8243; _module_preset=&#8220;0348c28c-34b9-43d0-8c6e-c8db6c12d77f&#8220; header_text_color=&#8220;#FFFFFF&#8220; body_text_color=&#8220;#FFFFFF&#8220; meta_text_color=&#8220;#FFFFFF&#8220; read_more_text_color=&#8220;#FFFFFF&#8220; pagination_text_color=&#8220;#FFFFFF&#8220; hover_enabled=&#8220;0&#8243; locked=&#8220;off&#8220; global_colors_info=&#8220;{}&#8220;][\/et_pb_blog][\/et_pb_column][et_pb_column type=&#8220;2_5&#8243; _builder_version=&#8220;4.23&#8243; _module_preset=&#8220;73121f80-a3ef-4484-8763-c3f18e3c56d2&#8243; custom_padding=&#8220;8%||8%||true|false&#8220; custom_padding_tablet=&#8220;30px|30px|30px|30px|true|true&#8220; custom_padding_phone=&#8220;20px|20px|20px|20px|true|true&#8220; custom_padding_last_edited=&#8220;on|desktop&#8220; hover_enabled=&#8220;0&#8243; global_colors_info=&#8220;{}&#8220;][et_pb_signup mailchimp_list=&#8220;elegantthemestest|elegantthemestest|1ea2bbd026&#8243; title=&#8220;Prijavite se na Na\u0161 Newsletter&#8220; _builder_version=&#8220;4.24.2&#8243; _module_preset=&#8220;a6bbcbb1-b2df-40c9-8717-f5dc568429e1&#8243; background_color=&#8220;gcid-secondary-color&#8220; hover_enabled=&#8220;0&#8243; global_colors_info=&#8220;{%22gcid-36fd78a7-34bc-404d-873c-dafa34efaae5%22:%91%22icon_color%22,%22icon_color%22%93,%22gcid-primary-color%22:%91%22button_text_color%22,%22button_text_color%22%93,%22gcid-secondary-color%22:%91%22background_color%22%93}&#8220;][\/et_pb_signup][\/et_pb_column][\/et_pb_row][\/et_pb_section][et_pb_section fb_built=&#8220;1&#8243; admin_label=&#8220;Call to Action&#8220; _builder_version=&#8220;4.24.3&#8243; _module_preset=&#8220;default&#8220; background_enable_color=&#8220;off&#8220; use_background_color_gradient=&#8220;on&#8220; background_color_gradient_stops=&#8220;rgba(0,0,0,0.5) 0%|rgba(0,0,0,0.5) 100%&#8220; background_color_gradient_overlays_image=&#8220;on&#8220; background_image=&#8220;https:\/\/images.unsplash.com\/photo-1520389013787-910f801d75f0?ixid=M3w1ODkyNzF8MHwxfHNlYXJjaHw1fHxnb2xmJTIwdHJhaW5pbmclMjBzZXNzaW9ufGVufDB8MHx8fDE3NjY4MzQxODF8MA&#038;ixlib=rb-4.1.0&#038;fm=webp&#038;fit=crop&#038;crop=entropy&#038;w=1920&#038;h=1080&#038;q=20&#038;dpr=2&#8243; custom_padding=&#8220;5vw||5vw||true|false&#8220; hover_enabled=&#8220;0&#8243; locked=&#8220;off&#8220; template_type=&#8220;section&#8220; collapsed=&#8220;on&#8220; global_colors_info=&#8220;{%22gcid-36fd78a7-34bc-404d-873c-dafa34efaae5%22:%91%22background_color%22%93}&#8220;][et_pb_row _builder_version=&#8220;4.18.0&#8243; _module_preset=&#8220;5138c454-be54-4233-bd3b-f8e6a8747976&#8243; hover_enabled=&#8220;0&#8243; global_colors_info=&#8220;{}&#8220;][et_pb_column type=&#8220;4_4&#8243; _builder_version=&#8220;4.18.0&#8243; _module_preset=&#8220;73121f80-a3ef-4484-8763-c3f18e3c56d2&#8243; hover_enabled=&#8220;0&#8243; global_colors_info=&#8220;{}&#8220;][et_pb_cta title=&#8220;Pridru\u017eite Se Elitnoj Golf Zajednici&#8220; button_url=&#8220;#&#8220; button_text=&#8220;Rezervi\u0161ite Besplatnu Konsultaciju&#8220; _builder_version=&#8220;4.23.1&#8243; _module_preset=&#8220;4c2ad5d0-871e-414e-a4be-aa9134d4ae8e&#8220; custom_padding=&#8220;60px|60px|60px|60px|true|true&#8220; custom_padding_tablet=&#8220;30px|30px|30px|30px|true|true&#8220; custom_padding_phone=&#8220;20px|20px|20px|20px|true|true&#8220; custom_padding_last_edited=&#8220;on|desktop&#8220; hover_enabled=&#8220;0&#8243; locked=&#8220;off&#8220; global_colors_info=&#8220;{%22gcid-f2943306-fa6c-45f0-b632-5fc00151366a%22:%91%22button_text_color%22%93,%22gcid-36fd78a7-34bc-404d-873c-dafa34efaae5%22:%91%22button_text_color%22,%22color%22,%22background_color%22%93,%22gcid-7cadd8b3-5228-48e4-90c4-212d09232f7b%22:%91%22color%22,%22color%22,%22color%22,%22color%22%93,%22gcid-f113ad93-2527-46d7-862b-fc71181c6b5e%22:%91%22border_color_all%22,%22border_color_all%22%93}&#8220; text_font_size_tablet=&#8220;16px&#8220; text_font_size_phone=&#8220;14px&#8220; text_font_size_last_edited=&#8220;on|phone&#8220;]<\/p>\n<p>Zakora\u010dite u svet golfa sa na\u0161im stru\u010dnim timom. Iskoristite priliku za besplatnu konsultaciju i otkrijte kako mo\u017eemo unaprediti va\u0161 zamah. Pridru\u017eite se na\u0161oj akademiji i postanite deo zajednice koja neguje vrhunske talente i deli strast prema golfu. Va\u0161 put ka legendarnom zamahu po\u010dinje ovde!<\/p>\n<p>[\/et_pb_cta][\/et_pb_column][\/et_pb_row][\/et_pb_section]<\/p>\n","protected":false},"excerpt":{"rendered":"<p>Pridru\u017eite se na\u0161oj akademiji i zapo\u010dnite svoje golf putovanje uz stru\u010dne savete i podr\u0161ku.Profesionalna Golf Konsalting Akademija posve\u0107ena je unapre\u0111enju ve\u0161tina svakog golfera, bez obzira na nivo iskustva. Na\u0161a misija je da pru\u017eimo personalizovanu obuku i vrhunske resurse kako bismo osigurali da svaki polaznik ostvari svoj puni potencijal na terenu.Na\u0161i programi su prilago\u0111eni va\u0161im individualnim [&hellip;]<\/p>\n","protected":false},"author":2,"featured_media":0,"parent":0,"menu_order":0,"comment_status":"closed","ping_status":"closed","template":"","meta":{"_et_pb_use_builder":"on","_et_pb_old_content":"","_et_gb_content_width":"","footnotes":""},"class_list":["post-4956","page","type-page","status-publish","hentry"],"jetpack_sharing_enabled":true,"_links":{"self":[{"href":"https:\/\/progolfconsulting.com\/en\/wp-json\/wp\/v2\/pages\/4956","targetHints":{"allow":["GET"]}}],"collection":[{"href":"https:\/\/progolfconsulting.com\/en\/wp-json\/wp\/v2\/pages"}],"about":[{"href":"https:\/\/progolfconsulting.com\/en\/wp-json\/wp\/v2\/types\/page"}],"author":[{"embeddable":true,"href":"https:\/\/progolfconsulting.com\/en\/wp-json\/wp\/v2\/users\/2"}],"replies":[{"embeddable":true,"href":"https:\/\/progolfconsulting.com\/en\/wp-json\/wp\/v2\/comments?post=4956"}],"version-history":[{"count":1,"href":"https:\/\/progolfconsulting.com\/en\/wp-json\/wp\/v2\/pages\/4956\/revisions"}],"predecessor-version":[{"id":4972,"href":"https:\/\/progolfconsulting.com\/en\/wp-json\/wp\/v2\/pages\/4956\/revisions\/4972"}],"wp:attachment":[{"href":"https:\/\/progolfconsulting.com\/en\/wp-json\/wp\/v2\/media?parent=4956"}],"curies":[{"name":"wp","href":"https:\/\/api.w.org\/{rel}","templated":true}]}}